{"id":737,"date":"2024-06-05T01:49:18","date_gmt":"2024-06-05T04:49:18","guid":{"rendered":"https:\/\/prontoafeto.com.br\/?page_id=737"},"modified":"2024-06-05T17:35:36","modified_gmt":"2024-06-05T20:35:36","slug":"beneficios","status":"publish","type":"page","link":"https:\/\/prontoafeto.com.br\/index.php\/beneficios\/","title":{"rendered":"Benef\u00edcios"},"content":{"rendered":"<p>[et_pb_section fb_built=&#8221;1&#8243; _builder_version=&#8221;4.19.5&#8243; _module_preset=&#8221;default&#8221; global_colors_info=&#8221;{}&#8221;][et_pb_row _builder_version=&#8221;4.22.2&#8243; _module_preset=&#8221;default&#8221; locked=&#8221;off&#8221; global_colors_info=&#8221;{}&#8221;][et_pb_column type=&#8221;4_4&#8243; _builder_version=&#8221;4.22.2&#8243; _module_preset=&#8221;default&#8221; global_colors_info=&#8221;{}&#8221;][et_pb_text _builder_version=&#8221;4.16&#8243; _module_preset=&#8221;df96b77a-cd4f-44a8-a771-2d6347592b53&#8243; header_2_font=&#8221;Heebo|700|||||||&#8221; header_2_text_color=&#8221;gcid-8b305f9d-4844-4604-ba06-445166ebe5d6&#8243; header_2_font_size=&#8221;55px&#8221; header_2_line_height=&#8221;1.1em&#8221; custom_margin=&#8221;||10px||false|false&#8221; header_2_font_size_tablet=&#8221;32px&#8221; header_2_font_size_phone=&#8221;20px&#8221; header_2_font_size_last_edited=&#8221;on|desktop&#8221; global_colors_info=&#8221;{%22gcid-8b305f9d-4844-4604-ba06-445166ebe5d6%22:%91%22header_2_text_color%22%93}&#8221;]<\/p>\n<h2 style=\"text-align: center;\">A Pronto Afeto saindo na frente para ofertar o que h\u00e1 de o melhor para voc\u00ea!<\/h2>\n<p>[\/et_pb_text][\/et_pb_column][\/et_pb_row][et_pb_row _builder_version=&#8221;4.22.2&#8243; _module_preset=&#8221;default&#8221; global_colors_info=&#8221;{}&#8221;][et_pb_column type=&#8221;4_4&#8243; _builder_version=&#8221;4.22.2&#8243; _module_preset=&#8221;default&#8221; global_colors_info=&#8221;{}&#8221;][et_pb_text _builder_version=&#8221;4.22.2&#8243; _module_preset=&#8221;default&#8221; min_height=&#8221;44.8px&#8221; custom_padding=&#8221;11px||6px|||&#8221; hover_enabled=&#8221;0&#8243; global_colors_info=&#8221;{}&#8221; sticky_enabled=&#8221;0&#8243;]<\/p>\n<p style=\"text-align: center;\"><span style=\"font-size: x-large;\">Em um passo importante para ampliar nossa rede, firmamos parceria com a Farm\u00e1cia Bem Estar, que conta com unidades em Cabula, S\u00e3o Cristov\u00e3o e Brotas<\/span>.<\/p>\n<p>[\/et_pb_text][\/et_pb_column][\/et_pb_row][et_pb_row column_structure=&#8221;1_2,1_2&#8243; _builder_version=&#8221;4.22.2&#8243; _module_preset=&#8221;default&#8221; global_colors_info=&#8221;{}&#8221;][et_pb_column type=&#8221;1_2&#8243; _builder_version=&#8221;4.22.2&#8243; _module_preset=&#8221;default&#8221; global_colors_info=&#8221;{}&#8221;][et_pb_image src=&#8221;http:\/\/prontoafeto.com.br\/wp-content\/uploads\/2024\/04\/bem-estar.jpeg&#8221; title_text=&#8221;bem estar&#8221; _builder_version=&#8221;4.22.2&#8243; _module_preset=&#8221;default&#8221; border_radii=&#8221;on|25px|25px|25px|25px&#8221; global_colors_info=&#8221;{}&#8221;][\/et_pb_image][\/et_pb_column][et_pb_column type=&#8221;1_2&#8243; _builder_version=&#8221;4.22.2&#8243; _module_preset=&#8221;default&#8221; global_colors_info=&#8221;{}&#8221;][et_pb_text _builder_version=&#8221;4.22.2&#8243; _module_preset=&#8221;default&#8221; hover_enabled=&#8221;0&#8243; global_colors_info=&#8221;{}&#8221; sticky_enabled=&#8221;0&#8243;]<\/p>\n<h2 data-sourcepos=\"1:1-1:68\"><strong>Benef\u00edcios da Farm\u00e1cia Bem Estar: R\u00e1pido, pr\u00e1tico e com economia!<\/strong><\/h2>\n<p data-sourcepos=\"3:1-3:68\"><strong>Descontos de at\u00e9 89% em medicamentos, fraldas e higiene pessoal!<\/strong><\/p>\n<p data-sourcepos=\"3:1-3:68\">\n<p>[\/et_pb_text][et_pb_button button_text=&#8221;Contato&#8221; _builder_version=&#8221;4.22.2&#8243; _module_preset=&#8221;default&#8221; custom_button=&#8221;on&#8221; button_text_color=&#8221;#F1709D&#8221; button_bg_color=&#8221;#FFFFFF&#8221; button_bg_enable_color=&#8221;on&#8221; button_border_radius=&#8221;45px&#8221; button_icon=&#8221;&#xf879;||fa||900&#8243; hover_enabled=&#8221;0&#8243; sticky_enabled=&#8221;0&#8243;][\/et_pb_button][et_pb_text _builder_version=&#8221;4.22.2&#8243; _module_preset=&#8221;default&#8221; hover_enabled=&#8221;0&#8243; sticky_enabled=&#8221;0&#8243;]<\/p>\n<p>fale com Adrielle Ribeiro, nossa farmac\u00eautica respons\u00e1vel.<\/p>\n<p data-sourcepos=\"11:1-11:14\"><strong>Pagamento:<\/strong><\/p>\n<ul data-sourcepos=\"13:1-16:0\">\n<li data-sourcepos=\"13:1-13:37\">Link de cart\u00e3o de cr\u00e9dito ou d\u00e9bito<\/li>\n<li data-sourcepos=\"14:1-14:10\">Dinheiro<\/li>\n<li data-sourcepos=\"15:1-16:0\">Pix<\/li>\n<\/ul>\n<ul data-sourcepos=\"19:1-21:0\"><\/ul>\n<p>[\/et_pb_text][et_pb_button button_url=&#8221;https:\/\/www.instagram.com\/farmaciabemestar.ssa\/&#8221; button_text=&#8221;Siga a Farm\u00e1cia Bem Estar!&#8221; _builder_version=&#8221;4.22.2&#8243; _module_preset=&#8221;default&#8221; custom_button=&#8221;on&#8221; button_text_size=&#8221;18px&#8221; button_text_color=&#8221;#FFFFFF&#8221; button_bg_color=&#8221;#F1709D&#8221; button_border_width=&#8221;0px&#8221; button_border_radius=&#8221;19px&#8221; button_font=&#8221;|700|||||||&#8221; button_icon=&#8221;&#xe09a;||divi||400&#8243; hover_enabled=&#8221;0&#8243; global_colors_info=&#8221;{}&#8221; sticky_enabled=&#8221;0&#8243;][\/et_pb_button][\/et_pb_column][\/et_pb_row][\/et_pb_section]<\/p>\n","protected":false},"excerpt":{"rendered":"<p>A Pronto Afeto saindo na frente para ofertar o que h\u00e1 de o melhor para voc\u00ea!Em um passo importante para ampliar nossa rede, firmamos parceria com a Farm\u00e1cia Bem Estar, que conta com unidades em Cabula, S\u00e3o Cristov\u00e3o e Brotas.Benef\u00edcios da Farm\u00e1cia Bem Estar: R\u00e1pido, pr\u00e1tico e com economia! Descontos de at\u00e9 89% em medicamentos, [&hellip;]<\/p>\n","protected":false},"author":1,"featured_media":0,"parent":0,"menu_order":0,"comment_status":"closed","ping_status":"closed","template":"","meta":{"_et_pb_use_builder":"on","_et_pb_old_content":"","_et_gb_content_width":"","footnotes":""},"class_list":["post-737","page","type-page","status-publish","hentry"],"_links":{"self":[{"href":"https:\/\/prontoafeto.com.br\/index.php\/wp-json\/wp\/v2\/pages\/737","targetHints":{"allow":["GET"]}}],"collection":[{"href":"https:\/\/prontoafeto.com.br\/index.php\/wp-json\/wp\/v2\/pages"}],"about":[{"href":"https:\/\/prontoafeto.com.br\/index.php\/wp-json\/wp\/v2\/types\/page"}],"author":[{"embeddable":true,"href":"https:\/\/prontoafeto.com.br\/index.php\/wp-json\/wp\/v2\/users\/1"}],"replies":[{"embeddable":true,"href":"https:\/\/prontoafeto.com.br\/index.php\/wp-json\/wp\/v2\/comments?post=737"}],"version-history":[{"count":4,"href":"https:\/\/prontoafeto.com.br\/index.php\/wp-json\/wp\/v2\/pages\/737\/revisions"}],"predecessor-version":[{"id":744,"href":"https:\/\/prontoafeto.com.br\/index.php\/wp-json\/wp\/v2\/pages\/737\/revisions\/744"}],"wp:attachment":[{"href":"https:\/\/prontoafeto.com.br\/index.php\/wp-json\/wp\/v2\/media?parent=737"}],"curies":[{"name":"wp","href":"https:\/\/api.w.org\/{rel}","templated":true}]}}