{"id":231,"date":"2023-10-18T23:11:39","date_gmt":"2023-10-19T02:11:39","guid":{"rendered":"https:\/\/prontoafeto.com.br\/?page_id=231"},"modified":"2024-01-14T17:42:33","modified_gmt":"2024-01-14T20:42:33","slug":"venha-fazer-parte-da-nossa-equipe-de-cuidadores-especializados","status":"publish","type":"page","link":"https:\/\/prontoafeto.com.br\/index.php\/venha-fazer-parte-da-nossa-equipe-de-cuidadores-especializados\/","title":{"rendered":"Venha fazer parte da nossa equipe de cuidadores especializados!"},"content":{"rendered":"<p>[et_pb_section fb_built=&#8221;1&#8243; _builder_version=&#8221;4.22.2&#8243; _module_preset=&#8221;default&#8221; background_color=&#8221;#FFF7FF&#8221; use_background_color_gradient=&#8221;off&#8221; background_enable_image=&#8221;off&#8221; min_height=&#8221;526px&#8221; global_colors_info=&#8221;{}&#8221;][et_pb_row column_structure=&#8221;1_2,1_2&#8243; _builder_version=&#8221;4.22.2&#8243; _module_preset=&#8221;default&#8221; global_colors_info=&#8221;{}&#8221;][et_pb_column type=&#8221;1_2&#8243; _builder_version=&#8221;4.22.2&#8243; _module_preset=&#8221;default&#8221; global_colors_info=&#8221;{}&#8221;][et_pb_text _builder_version=&#8221;4.19.5&#8243; _module_preset=&#8221;default&#8221; custom_padding=&#8221;0px||0px|||&#8221; global_colors_info=&#8221;{}&#8221;]<\/p>\n<h1><span style=\"font-size: xx-large; color: #f1709d;\"><strong>Venha fazer parte da nossa equipe de cuidadores especializados!<\/strong><\/span><\/h1>\n<p>[\/et_pb_text][et_pb_text _builder_version=&#8221;4.22.2&#8243; _module_preset=&#8221;default&#8221; min_height=&#8221;0px&#8221; custom_padding=&#8221;2px||0px|||&#8221; global_colors_info=&#8221;{}&#8221;]<\/p>\n<h3><span style=\"font-size: xx-large; color: #7852a1;\"><strong>Confira os seguintes Documentos:<\/strong><\/span><\/h3>\n<p>[\/et_pb_text][et_pb_text _builder_version=&#8221;4.22.2&#8243; _module_preset=&#8221;default&#8221; text_font=&#8221;||||||||&#8221; text_font_size=&#8221;20px&#8221; text_line_height=&#8221;3em&#8221; width=&#8221;100%&#8221; max_width=&#8221;100%&#8221; module_alignment=&#8221;left&#8221; min_height=&#8221;379px&#8221; height=&#8221;100px&#8221; max_height=&#8221;1000px&#8221; hover_enabled=&#8221;0&#8243; global_colors_info=&#8221;{}&#8221; sticky_enabled=&#8221;0&#8243;]<\/p>\n<ul>\n<li><span style=\"color: #7852a1; font-size: xx-large;\">Curriculum Vitae<\/span><\/li>\n<li><span style=\"color: #7852a1; font-size: xx-large;\">Carteira de identidade\/ RG<\/span><\/li>\n<li><span style=\"color: #7852a1; font-size: xx-large;\">CPF<\/span><\/li>\n<li><span style=\"color: #7852a1; font-size: xx-large;\">Comprovante de Resid\u00eancia<\/span><\/li>\n<li><span style=\"color: #7852a1; font-size: xx-large;\">2\u00ba Grau Completo<\/span><\/li>\n<li><span style=\"color: #7852a1; font-size: xx-large;\">M\u00ednimo 6 meses de experi\u00eancia<\/span><\/li>\n<li><span style=\"color: #7852a1; font-size: xx-large;\">Certificado(s) de Curso(s)<\/span><\/li>\n<li><span style=\"color: #7852a1; font-size: xx-large;\">Inscri\u00e7\u00e3o MEI<\/span><\/li>\n<li><span style=\"color: #7852a1; font-size: xx-large;\">Carteira de Vacina<\/span><\/li>\n<li><span style=\"color: #7852a1; font-size: xx-large;\">Carta de Refer\u00eancia<\/span><\/li>\n<li><span style=\"color: #7852a1; font-size: xx-large;\">Foto 3X4<\/span><\/li>\n<\/ul>\n<p>[\/et_pb_text][\/et_pb_column][et_pb_column type=&#8221;1_2&#8243; _builder_version=&#8221;4.22.2&#8243; _module_preset=&#8221;default&#8221; global_colors_info=&#8221;{}&#8221;][et_pb_image src=&#8221;http:\/\/prontoafeto.com.br\/wp-content\/uploads\/2023\/10\/cheerful-senior-woman-showing-copy-space_clipdrop-background-removal.png&#8221; title_text=&#8221;cheerful-senior-woman-showing-copy-space_clipdrop-background-removal&#8221; force_fullwidth=&#8221;on&#8221; _builder_version=&#8221;4.22.2&#8243; _module_preset=&#8221;default&#8221; transform_scale=&#8221;164%|164%&#8221; global_colors_info=&#8221;{}&#8221;][\/et_pb_image][et_pb_text _builder_version=&#8221;4.22.2&#8243; _module_preset=&#8221;default&#8221; text_line_height=&#8221;2em&#8221; background_color=&#8221;#7852a1&#8243; border_radii=&#8221;on|36px|36px|36px|36px&#8221; box_shadow_style=&#8221;preset4&#8243; box_shadow_horizontal=&#8221;3px&#8221; box_shadow_blur=&#8221;15px&#8221; global_colors_info=&#8221;{}&#8221;]<\/p>\n<h2 style=\"text-align: center;\"><span style=\"color: #f1709d;\"><strong><\/strong><\/span><\/h2>\n<h2 style=\"text-align: center;\"><span style=\"color: #f1709d;\"><strong><\/strong><\/span><\/h2>\n<h2 style=\"text-align: center;\"><span style=\"color: #ffffff;\"><strong>Encaminhe um E-mail para: prontoafeto@gmail.com com o curr\u00edculo e os documentos para an\u00e1lise!<\/strong><\/span><\/h2>\n<p><span style=\"color: #f1709d;\"><strong><\/strong><\/span><\/p>\n<p><span style=\"color: #f1709d;\"><strong><\/strong><\/span><\/p>\n<p>[\/et_pb_text][\/et_pb_column][\/et_pb_row][\/et_pb_section]<\/p>\n","protected":false},"excerpt":{"rendered":"<p>Venha fazer parte da nossa equipe de cuidadores especializados!Confira os seguintes Documentos: Curriculum Vitae Carteira de identidade\/ RG CPF Comprovante de Resid\u00eancia 2\u00ba Grau Completo M\u00ednimo 6 meses de experi\u00eancia Certificado(s) de Curso(s) Inscri\u00e7\u00e3o MEI Carteira de Vacina Carta de Refer\u00eancia Foto 3X4 Encaminhe um E-mail para: prontoafeto@gmail.com com o curr\u00edculo e os documentos para [&hellip;]<\/p>\n","protected":false},"author":1,"featured_media":0,"parent":0,"menu_order":0,"comment_status":"closed","ping_status":"closed","template":"","meta":{"_et_pb_use_builder":"on","_et_pb_old_content":"<!-- wp:list -->\n<ul><\/ul>\n<!-- \/wp:list -->\n\n<!-- wp:heading -->\n<h2>Confira os seguintes Documentos:<\/h2>\n<!-- \/wp:heading -->\n\n<!-- wp:list -->\n<ul><!-- wp:list-item -->\n<li>Curriculum Vitae<\/li>\n<!-- \/wp:list-item -->\n\n<!-- wp:list-item -->\n<li>Carteira de identidade\/ RG<\/li>\n<!-- \/wp:list-item -->\n\n<!-- wp:list-item -->\n<li>CPF<\/li>\n<!-- \/wp:list-item -->\n\n<!-- wp:list-item -->\n<li>Comprovante de Resid\u00eancia<\/li>\n<!-- \/wp:list-item -->\n\n<!-- wp:list-item -->\n<li>2\u00ba Grau Completo<\/li>\n<!-- \/wp:list-item -->\n\n<!-- wp:list-item -->\n<li>M\u00ednimo 6 meses de experi\u00eancia<\/li>\n<!-- \/wp:list-item -->\n\n<!-- wp:list-item -->\n<li>Certificado(s) de Curso(s)<\/li>\n<!-- \/wp:list-item -->\n\n<!-- wp:list-item -->\n<li>Inscri\u00e7\u00e3o MEI<\/li>\n<!-- \/wp:list-item -->\n\n<!-- wp:list-item -->\n<li>Carteira de Vacina<\/li>\n<!-- \/wp:list-item -->\n\n<!-- wp:list-item -->\n<li>Carta de Refer\u00eancia<\/li>\n<!-- \/wp:list-item -->\n\n<!-- wp:list-item -->\n<li>Foto 3X4<\/li>\n<!-- \/wp:list-item --><\/ul>\n<!-- \/wp:list -->\n\n<!-- wp:heading -->\n<h2>Encaminhe um E-mail para: prontoafeto@gmail.com com o curr\u00edculo e os documentos para an\u00e1lise!<\/h2>\n<!-- \/wp:heading -->","_et_gb_content_width":"","footnotes":""},"class_list":["post-231","page","type-page","status-publish","hentry"],"_links":{"self":[{"href":"https:\/\/prontoafeto.com.br\/index.php\/wp-json\/wp\/v2\/pages\/231","targetHints":{"allow":["GET"]}}],"collection":[{"href":"https:\/\/prontoafeto.com.br\/index.php\/wp-json\/wp\/v2\/pages"}],"about":[{"href":"https:\/\/prontoafeto.com.br\/index.php\/wp-json\/wp\/v2\/types\/page"}],"author":[{"embeddable":true,"href":"https:\/\/prontoafeto.com.br\/index.php\/wp-json\/wp\/v2\/users\/1"}],"replies":[{"embeddable":true,"href":"https:\/\/prontoafeto.com.br\/index.php\/wp-json\/wp\/v2\/comments?post=231"}],"version-history":[{"count":15,"href":"https:\/\/prontoafeto.com.br\/index.php\/wp-json\/wp\/v2\/pages\/231\/revisions"}],"predecessor-version":[{"id":518,"href":"https:\/\/prontoafeto.com.br\/index.php\/wp-json\/wp\/v2\/pages\/231\/revisions\/518"}],"wp:attachment":[{"href":"https:\/\/prontoafeto.com.br\/index.php\/wp-json\/wp\/v2\/media?parent=231"}],"curies":[{"name":"wp","href":"https:\/\/api.w.org\/{rel}","templated":true}]}}